{"id":10264,"date":"2023-07-19T06:58:16","date_gmt":"2023-07-19T06:58:16","guid":{"rendered":"https:\/\/mora-play.comproducte\/tablero-de-ajedrez-gambito-de-dama\/"},"modified":"2023-07-19T06:58:16","modified_gmt":"2023-07-19T06:58:16","slug":"tablero-de-ajedrez-gambito-de-dama","status":"publish","type":"product","link":"https:\/\/mora-play.com\/es\/producte\/tablero-de-ajedrez-gambito-de-dama\/","title":{"rendered":"Tablero de ajedrez &#8216;GAMBITO DE DAMA&#8217;"},"content":{"rendered":"<p><strong>Tama\u00f1o tablero:<\/strong>\u00a0400 mm \u2013 450 mm \u2013 500 mm<br \/>\n<strong>Tama\u00f1o escaque:<\/strong>\u00a040 mm \u2013 45 mm \u2013 50 mm<br \/>\n<strong>Grosor:<\/strong>\u00a015 mm<\/p>\n<p><strong>Acabado:<\/strong>\u00a0mate<br \/>\n<strong>Presentaci\u00f3n:<\/strong> caja de cart\u00f3n kraft<\/p>\n","protected":false},"excerpt":{"rendered":"<p>Todos nuestros tableros de ajedrez son productos de marqueter\u00eda con aut\u00e9nticas chapas de madera elaborados artesanalmente por Rechapados Ferrer. \u00c9ste, es el tablero de ajedrez oficial de &#8216;The Queen&#8217;s Gambit&#8217; elaborado con chopo te\u00f1ido de negro y ra\u00edz de fresno de primera calidad. Este tablero de ajedrez es el mismo que utilizaron en la serie durante la final del Campeonato de Ajedrez de 1968 que tuvo lugar en Mosc\u00fa.<\/p>\n<p><em>*No incluye las piezas de ajedrez de las im\u00e1genes.<\/em><\/p>\n","protected":false},"featured_media":9528,"template":"","meta":{"om_disable_all_campaigns":false,"_monsterinsights_skip_tracking":false,"_monsterinsights_sitenote_active":false,"_monsterinsights_sitenote_note":"","_monsterinsights_sitenote_category":0,"_uf_show_specific_survey":0,"_uf_disable_surveys":false},"product_brand":[],"product_cat":[133,169,263,264,265,365,368,371],"product_tag":[],"class_list":{"0":"post-10264","1":"product","2":"type-product","3":"status-publish","4":"has-post-thumbnail","6":"product_cat-ajedrez","7":"product_cat-tableros-de-ajedrez","8":"product_cat-40-x-40","9":"product_cat-45-x-45","10":"product_cat-50-x-50","11":"product_cat-para-piezas-numero-3","12":"product_cat-para-piezas-numero-5","13":"product_cat-para-piezas-numero-6","14":"pa_mida-escac-45-mm","15":"pa_mida-escac-50-es","17":"first","18":"instock","19":"taxable","20":"shipping-taxable","21":"purchasable","22":"product-type-variable"},"yoast_head":"<!-- This site is optimized with the Yoast SEO plugin v27.4 - https:\/\/yoast.com\/product\/yoast-seo-wordpress\/ -->\n<title>Tablero de ajedrez &#039;GAMBITO DE DAMA&#039; | Mora Play<\/title>\n<meta name=\"robots\" content=\"index, follow, max-snippet:-1, max-image-preview:large, max-video-preview:-1\" \/>\n<link rel=\"canonical\" href=\"https:\/\/mora-play.com\/es\/producte\/tablero-de-ajedrez-gambito-de-dama\/\" \/>\n<meta property=\"og:locale\" content=\"es_ES\" \/>\n<meta property=\"og:type\" content=\"article\" \/>\n<meta property=\"og:title\" content=\"Tablero de ajedrez &#039;GAMBITO DE DAMA&#039; | Mora Play\" \/>\n<meta property=\"og:description\" content=\"Todos nuestros tableros de ajedrez son productos de marqueter\u00eda con aut\u00e9nticas chapas de madera elaborados artesanalmente por Rechapados Ferrer. \u00c9ste, es el tablero de ajedrez oficial de &#039;The Queen&#039;s Gambit&#039; elaborado con chopo te\u00f1ido de negro y ra\u00edz de fresno de primera calidad. Este tablero de ajedrez es el mismo que utilizaron en la serie durante la final del Campeonato de Ajedrez de 1968 que tuvo lugar en Mosc\u00fa.  *No incluye las piezas de ajedrez de las im\u00e1genes.\" \/>\n<meta property=\"og:url\" content=\"https:\/\/mora-play.com\/es\/producte\/tablero-de-ajedrez-gambito-de-dama\/\" \/>\n<meta property=\"og:site_name\" content=\"Mora Play\" \/>\n<meta property=\"article:publisher\" content=\"https:\/\/www.facebook.com\/moraplays\/\" \/>\n<meta property=\"og:image\" content=\"https:\/\/mora-play.com\/wp-content\/uploads\/2023\/07\/TG-1-1-scaled.jpg\" \/>\n\t<meta property=\"og:image:width\" content=\"2560\" \/>\n\t<meta property=\"og:image:height\" content=\"1707\" \/>\n\t<meta property=\"og:image:type\" content=\"image\/jpeg\" \/>\n<meta name=\"twitter:card\" content=\"summary_large_image\" \/>\n<script type=\"application\/ld+json\" class=\"yoast-schema-graph\">{\"@context\":\"https:\\\/\\\/schema.org\",\"@graph\":[{\"@type\":\"WebPage\",\"@id\":\"https:\\\/\\\/mora-play.com\\\/es\\\/producte\\\/tablero-de-ajedrez-gambito-de-dama\\\/\",\"url\":\"https:\\\/\\\/mora-play.com\\\/es\\\/producte\\\/tablero-de-ajedrez-gambito-de-dama\\\/\",\"name\":\"Tablero de ajedrez 'GAMBITO DE DAMA' | Mora Play\",\"isPartOf\":{\"@id\":\"https:\\\/\\\/mora-play.com\\\/es\\\/#website\"},\"primaryImageOfPage\":{\"@id\":\"https:\\\/\\\/mora-play.com\\\/es\\\/producte\\\/tablero-de-ajedrez-gambito-de-dama\\\/#primaryimage\"},\"image\":{\"@id\":\"https:\\\/\\\/mora-play.com\\\/es\\\/producte\\\/tablero-de-ajedrez-gambito-de-dama\\\/#primaryimage\"},\"thumbnailUrl\":\"https:\\\/\\\/mora-play.com\\\/wp-content\\\/uploads\\\/2023\\\/07\\\/TG-1-1-scaled.jpg\",\"datePublished\":\"2023-07-19T06:58:16+00:00\",\"breadcrumb\":{\"@id\":\"https:\\\/\\\/mora-play.com\\\/es\\\/producte\\\/tablero-de-ajedrez-gambito-de-dama\\\/#breadcrumb\"},\"inLanguage\":\"es\",\"potentialAction\":[{\"@type\":\"ReadAction\",\"target\":[\"https:\\\/\\\/mora-play.com\\\/es\\\/producte\\\/tablero-de-ajedrez-gambito-de-dama\\\/\"]}]},{\"@type\":\"ImageObject\",\"inLanguage\":\"es\",\"@id\":\"https:\\\/\\\/mora-play.com\\\/es\\\/producte\\\/tablero-de-ajedrez-gambito-de-dama\\\/#primaryimage\",\"url\":\"https:\\\/\\\/mora-play.com\\\/wp-content\\\/uploads\\\/2023\\\/07\\\/TG-1-1-scaled.jpg\",\"contentUrl\":\"https:\\\/\\\/mora-play.com\\\/wp-content\\\/uploads\\\/2023\\\/07\\\/TG-1-1-scaled.jpg\",\"width\":2560,\"height\":1707,\"caption\":\"tauler d'escacs artesanal Gambito de Dama\"},{\"@type\":\"BreadcrumbList\",\"@id\":\"https:\\\/\\\/mora-play.com\\\/es\\\/producte\\\/tablero-de-ajedrez-gambito-de-dama\\\/#breadcrumb\",\"itemListElement\":[{\"@type\":\"ListItem\",\"position\":1,\"name\":\"Inici\",\"item\":\"https:\\\/\\\/mora-play.com\\\/es\\\/\"},{\"@type\":\"ListItem\",\"position\":2,\"name\":\"Tienda\",\"item\":\"https:\\\/\\\/mora-play.com\\\/es\\\/tienda\\\/\"},{\"@type\":\"ListItem\",\"position\":3,\"name\":\"Tablero de ajedrez &#8216;GAMBITO DE DAMA&#8217;\"}]},{\"@type\":\"WebSite\",\"@id\":\"https:\\\/\\\/mora-play.com\\\/es\\\/#website\",\"url\":\"https:\\\/\\\/mora-play.com\\\/es\\\/\",\"name\":\"Mora Play\",\"description\":\"Wooden Toys &amp; Games\",\"publisher\":{\"@id\":\"https:\\\/\\\/mora-play.com\\\/es\\\/#organization\"},\"alternateName\":\"Mora Play\",\"potentialAction\":[{\"@type\":\"SearchAction\",\"target\":{\"@type\":\"EntryPoint\",\"urlTemplate\":\"https:\\\/\\\/mora-play.com\\\/es\\\/?s={search_term_string}\"},\"query-input\":{\"@type\":\"PropertyValueSpecification\",\"valueRequired\":true,\"valueName\":\"search_term_string\"}}],\"inLanguage\":\"es\"},{\"@type\":\"Organization\",\"@id\":\"https:\\\/\\\/mora-play.com\\\/es\\\/#organization\",\"name\":\"Mora Play\",\"alternateName\":\"Mora-Play\",\"url\":\"https:\\\/\\\/mora-play.com\\\/es\\\/\",\"logo\":{\"@type\":\"ImageObject\",\"inLanguage\":\"es\",\"@id\":\"https:\\\/\\\/mora-play.com\\\/es\\\/#\\\/schema\\\/logo\\\/image\\\/\",\"url\":\"https:\\\/\\\/mora-play.com\\\/wp-content\\\/uploads\\\/2023\\\/02\\\/cropped-favicon_moraplay-1.png\",\"contentUrl\":\"https:\\\/\\\/mora-play.com\\\/wp-content\\\/uploads\\\/2023\\\/02\\\/cropped-favicon_moraplay-1.png\",\"width\":512,\"height\":512,\"caption\":\"Mora Play\"},\"image\":{\"@id\":\"https:\\\/\\\/mora-play.com\\\/es\\\/#\\\/schema\\\/logo\\\/image\\\/\"},\"sameAs\":[\"https:\\\/\\\/www.facebook.com\\\/moraplays\\\/\",\"https:\\\/\\\/www.instagram.com\\\/_mora_play\\\/\"]}]}<\/script>\n<!-- \/ Yoast SEO plugin. -->","yoast_head_json":{"title":"Tablero de ajedrez 'GAMBITO DE DAMA' | Mora Play","robots":{"index":"index","follow":"follow","max-snippet":"max-snippet:-1","max-image-preview":"max-image-preview:large","max-video-preview":"max-video-preview:-1"},"canonical":"https:\/\/mora-play.com\/es\/producte\/tablero-de-ajedrez-gambito-de-dama\/","og_locale":"es_ES","og_type":"article","og_title":"Tablero de ajedrez 'GAMBITO DE DAMA' | Mora Play","og_description":"Todos nuestros tableros de ajedrez son productos de marqueter\u00eda con aut\u00e9nticas chapas de madera elaborados artesanalmente por Rechapados Ferrer. \u00c9ste, es el tablero de ajedrez oficial de 'The Queen's Gambit' elaborado con chopo te\u00f1ido de negro y ra\u00edz de fresno de primera calidad. Este tablero de ajedrez es el mismo que utilizaron en la serie durante la final del Campeonato de Ajedrez de 1968 que tuvo lugar en Mosc\u00fa.  *No incluye las piezas de ajedrez de las im\u00e1genes.","og_url":"https:\/\/mora-play.com\/es\/producte\/tablero-de-ajedrez-gambito-de-dama\/","og_site_name":"Mora Play","article_publisher":"https:\/\/www.facebook.com\/moraplays\/","og_image":[{"width":2560,"height":1707,"url":"https:\/\/mora-play.com\/wp-content\/uploads\/2023\/07\/TG-1-1-scaled.jpg","type":"image\/jpeg"}],"twitter_card":"summary_large_image","schema":{"@context":"https:\/\/schema.org","@graph":[{"@type":"WebPage","@id":"https:\/\/mora-play.com\/es\/producte\/tablero-de-ajedrez-gambito-de-dama\/","url":"https:\/\/mora-play.com\/es\/producte\/tablero-de-ajedrez-gambito-de-dama\/","name":"Tablero de ajedrez 'GAMBITO DE DAMA' | Mora Play","isPartOf":{"@id":"https:\/\/mora-play.com\/es\/#website"},"primaryImageOfPage":{"@id":"https:\/\/mora-play.com\/es\/producte\/tablero-de-ajedrez-gambito-de-dama\/#primaryimage"},"image":{"@id":"https:\/\/mora-play.com\/es\/producte\/tablero-de-ajedrez-gambito-de-dama\/#primaryimage"},"thumbnailUrl":"https:\/\/mora-play.com\/wp-content\/uploads\/2023\/07\/TG-1-1-scaled.jpg","datePublished":"2023-07-19T06:58:16+00:00","breadcrumb":{"@id":"https:\/\/mora-play.com\/es\/producte\/tablero-de-ajedrez-gambito-de-dama\/#breadcrumb"},"inLanguage":"es","potentialAction":[{"@type":"ReadAction","target":["https:\/\/mora-play.com\/es\/producte\/tablero-de-ajedrez-gambito-de-dama\/"]}]},{"@type":"ImageObject","inLanguage":"es","@id":"https:\/\/mora-play.com\/es\/producte\/tablero-de-ajedrez-gambito-de-dama\/#primaryimage","url":"https:\/\/mora-play.com\/wp-content\/uploads\/2023\/07\/TG-1-1-scaled.jpg","contentUrl":"https:\/\/mora-play.com\/wp-content\/uploads\/2023\/07\/TG-1-1-scaled.jpg","width":2560,"height":1707,"caption":"tauler d'escacs artesanal Gambito de Dama"},{"@type":"BreadcrumbList","@id":"https:\/\/mora-play.com\/es\/producte\/tablero-de-ajedrez-gambito-de-dama\/#breadcrumb","itemListElement":[{"@type":"ListItem","position":1,"name":"Inici","item":"https:\/\/mora-play.com\/es\/"},{"@type":"ListItem","position":2,"name":"Tienda","item":"https:\/\/mora-play.com\/es\/tienda\/"},{"@type":"ListItem","position":3,"name":"Tablero de ajedrez &#8216;GAMBITO DE DAMA&#8217;"}]},{"@type":"WebSite","@id":"https:\/\/mora-play.com\/es\/#website","url":"https:\/\/mora-play.com\/es\/","name":"Mora Play","description":"Wooden Toys &amp; Games","publisher":{"@id":"https:\/\/mora-play.com\/es\/#organization"},"alternateName":"Mora Play","potentialAction":[{"@type":"SearchAction","target":{"@type":"EntryPoint","urlTemplate":"https:\/\/mora-play.com\/es\/?s={search_term_string}"},"query-input":{"@type":"PropertyValueSpecification","valueRequired":true,"valueName":"search_term_string"}}],"inLanguage":"es"},{"@type":"Organization","@id":"https:\/\/mora-play.com\/es\/#organization","name":"Mora Play","alternateName":"Mora-Play","url":"https:\/\/mora-play.com\/es\/","logo":{"@type":"ImageObject","inLanguage":"es","@id":"https:\/\/mora-play.com\/es\/#\/schema\/logo\/image\/","url":"https:\/\/mora-play.com\/wp-content\/uploads\/2023\/02\/cropped-favicon_moraplay-1.png","contentUrl":"https:\/\/mora-play.com\/wp-content\/uploads\/2023\/02\/cropped-favicon_moraplay-1.png","width":512,"height":512,"caption":"Mora Play"},"image":{"@id":"https:\/\/mora-play.com\/es\/#\/schema\/logo\/image\/"},"sameAs":["https:\/\/www.facebook.com\/moraplays\/","https:\/\/www.instagram.com\/_mora_play\/"]}]}},"_links":{"self":[{"href":"https:\/\/mora-play.com\/es\/wp-json\/wp\/v2\/product\/10264","targetHints":{"allow":["GET"]}}],"collection":[{"href":"https:\/\/mora-play.com\/es\/wp-json\/wp\/v2\/product"}],"about":[{"href":"https:\/\/mora-play.com\/es\/wp-json\/wp\/v2\/types\/product"}],"wp:featuredmedia":[{"embeddable":true,"href":"https:\/\/mora-play.com\/es\/wp-json\/wp\/v2\/media\/9528"}],"wp:attachment":[{"href":"https:\/\/mora-play.com\/es\/wp-json\/wp\/v2\/media?parent=10264"}],"wp:term":[{"taxonomy":"product_brand","embeddable":true,"href":"https:\/\/mora-play.com\/es\/wp-json\/wp\/v2\/product_brand?post=10264"},{"taxonomy":"product_cat","embeddable":true,"href":"https:\/\/mora-play.com\/es\/wp-json\/wp\/v2\/product_cat?post=10264"},{"taxonomy":"product_tag","embeddable":true,"href":"https:\/\/mora-play.com\/es\/wp-json\/wp\/v2\/product_tag?post=10264"}],"curies":[{"name":"wp","href":"https:\/\/api.w.org\/{rel}","templated":true}]}}