{"id":10332,"date":"2023-02-16T15:18:17","date_gmt":"2023-02-16T15:18:17","guid":{"rendered":"https:\/\/mora-play.comproducte\/juego-de-9-bolos-de-24-cm\/"},"modified":"2023-02-16T15:18:17","modified_gmt":"2023-02-16T15:18:17","slug":"juego-de-9-bolos-de-24-cm","status":"publish","type":"product","link":"https:\/\/mora-play.com\/es\/producte\/juego-de-9-bolos-de-24-cm\/","title":{"rendered":"Juego de 9 bolos de 24 cm"},"content":{"rendered":"","protected":false},"excerpt":{"rendered":"<p>El \u00fanico juego de la casa que est\u00e1 formado por 9 bolos. Miden 24 cm de altura y las tres bolas 5,7 cm de di\u00e1metro. Tres bolos de cada color: verde, azul y rojo. Fabricado en madera de haya y barnizado para una mejor conservaci\u00f3n. El juego se presenta en una malla biodegradable.<\/p>\n<p><strong>Medidas:<\/strong> 24 cm<br \/>\n<strong>Edad recomendada:<\/strong>\u00a0a partir de 6 a\u00f1os<br \/>\n<strong>Valores:<\/strong>\u00a0Favorece la coordinaci\u00f3n de movimientos y la punter\u00eda, aprender a jugar bajo unas normas y disfrutar de una competici\u00f3n divertida en grupo.<\/p>\n","protected":false},"featured_media":8818,"template":"","meta":{"om_disable_all_campaigns":false,"_monsterinsights_skip_tracking":false,"_monsterinsights_sitenote_active":false,"_monsterinsights_sitenote_note":"","_monsterinsights_sitenote_category":0,"_uf_show_specific_survey":0,"_uf_disable_surveys":false},"product_brand":[],"product_cat":[308,306,307,309,267,351,347,352,268,163,164,304,337],"product_tag":[],"class_list":{"0":"post-10332","1":"product","2":"type-product","3":"status-publish","4":"has-post-thumbnail","6":"product_cat-mas-de-12-anos","7":"product_cat-de-3-a-5-anos","8":"product_cat-de-6-a-12-anos","9":"product_cat-adultos","10":"product_cat-bolos-y-petanca-de-madera","11":"product_cat-habilidad","12":"product_cat-psicomotricidad-fina","13":"product_cat-juegos-familiares","14":"product_cat-juegos-tradicionales-exterior","15":"product_cat-juegos-y-juguetes","16":"product_cat-juguetes-de-exterior","17":"product_cat-por-edad","18":"product_cat-por-objetivo","20":"first","21":"instock","22":"taxable","23":"shipping-taxable","24":"purchasable","25":"product-type-simple"},"yoast_head":"<!-- This site is optimized with the Yoast SEO plugin v27.2 - https:\/\/yoast.com\/product\/yoast-seo-wordpress\/ -->\n<title>Juego de 9 bolos de 24 cm | Mora Play<\/title>\n<meta name=\"robots\" content=\"index, follow, max-snippet:-1, max-image-preview:large, max-video-preview:-1\" \/>\n<link rel=\"canonical\" href=\"https:\/\/mora-play.com\/es\/producte\/juego-de-9-bolos-de-24-cm\/\" \/>\n<meta property=\"og:locale\" content=\"es_ES\" \/>\n<meta property=\"og:type\" content=\"article\" \/>\n<meta property=\"og:title\" content=\"Juego de 9 bolos de 24 cm | Mora Play\" \/>\n<meta property=\"og:description\" content=\"El \u00fanico juego de la casa que est\u00e1 formado por 9 bolos. Miden 24 cm de altura y las tres bolas 5,7 cm de di\u00e1metro. Tres bolos de cada color: verde, azul y rojo. Fabricado en madera de haya y barnizado para una mejor conservaci\u00f3n. El juego se presenta en una malla biodegradable.  Medidas: 24 cm Edad recomendada:\u00a0a partir de 6 a\u00f1os Valores:\u00a0Favorece la coordinaci\u00f3n de movimientos y la punter\u00eda, aprender a jugar bajo unas normas y disfrutar de una competici\u00f3n divertida en grupo.\" \/>\n<meta property=\"og:url\" content=\"https:\/\/mora-play.com\/es\/producte\/juego-de-9-bolos-de-24-cm\/\" \/>\n<meta property=\"og:site_name\" content=\"Mora Play\" \/>\n<meta property=\"article:publisher\" content=\"https:\/\/www.facebook.com\/moraplays\/\" \/>\n<meta property=\"og:image\" content=\"https:\/\/mora-play.com\/wp-content\/uploads\/2023\/02\/ref.-32-24-004-scaled.jpg\" \/>\n\t<meta property=\"og:image:width\" content=\"2560\" \/>\n\t<meta property=\"og:image:height\" content=\"1707\" \/>\n\t<meta property=\"og:image:type\" content=\"image\/jpeg\" \/>\n<meta name=\"twitter:card\" content=\"summary_large_image\" \/>\n<script type=\"application\/ld+json\" class=\"yoast-schema-graph\">{\"@context\":\"https:\/\/schema.org\",\"@graph\":[{\"@type\":\"WebPage\",\"@id\":\"https:\/\/mora-play.com\/es\/producte\/juego-de-9-bolos-de-24-cm\/\",\"url\":\"https:\/\/mora-play.com\/es\/producte\/juego-de-9-bolos-de-24-cm\/\",\"name\":\"Juego de 9 bolos de 24 cm | Mora Play\",\"isPartOf\":{\"@id\":\"https:\/\/mora-play.com\/es\/#website\"},\"primaryImageOfPage\":{\"@id\":\"https:\/\/mora-play.com\/es\/producte\/juego-de-9-bolos-de-24-cm\/#primaryimage\"},\"image\":{\"@id\":\"https:\/\/mora-play.com\/es\/producte\/juego-de-9-bolos-de-24-cm\/#primaryimage\"},\"thumbnailUrl\":\"https:\/\/mora-play.com\/wp-content\/uploads\/2023\/02\/ref.-32-24-004-scaled.jpg\",\"datePublished\":\"2023-02-16T15:18:17+00:00\",\"breadcrumb\":{\"@id\":\"https:\/\/mora-play.com\/es\/producte\/juego-de-9-bolos-de-24-cm\/#breadcrumb\"},\"inLanguage\":\"es\",\"potentialAction\":[{\"@type\":\"ReadAction\",\"target\":[\"https:\/\/mora-play.com\/es\/producte\/juego-de-9-bolos-de-24-cm\/\"]}]},{\"@type\":\"ImageObject\",\"inLanguage\":\"es\",\"@id\":\"https:\/\/mora-play.com\/es\/producte\/juego-de-9-bolos-de-24-cm\/#primaryimage\",\"url\":\"https:\/\/mora-play.com\/wp-content\/uploads\/2023\/02\/ref.-32-24-004-scaled.jpg\",\"contentUrl\":\"https:\/\/mora-play.com\/wp-content\/uploads\/2023\/02\/ref.-32-24-004-scaled.jpg\",\"width\":2560,\"height\":1707},{\"@type\":\"BreadcrumbList\",\"@id\":\"https:\/\/mora-play.com\/es\/producte\/juego-de-9-bolos-de-24-cm\/#breadcrumb\",\"itemListElement\":[{\"@type\":\"ListItem\",\"position\":1,\"name\":\"Inici\",\"item\":\"https:\/\/mora-play.com\/es\/\"},{\"@type\":\"ListItem\",\"position\":2,\"name\":\"Tienda\",\"item\":\"https:\/\/mora-play.com\/es\/tienda\/\"},{\"@type\":\"ListItem\",\"position\":3,\"name\":\"Juego de 9 bolos de 24 cm\"}]},{\"@type\":\"WebSite\",\"@id\":\"https:\/\/mora-play.com\/es\/#website\",\"url\":\"https:\/\/mora-play.com\/es\/\",\"name\":\"Mora Play\",\"description\":\"Wooden Toys &amp; Games\",\"publisher\":{\"@id\":\"https:\/\/mora-play.com\/es\/#organization\"},\"alternateName\":\"Mora Play\",\"potentialAction\":[{\"@type\":\"SearchAction\",\"target\":{\"@type\":\"EntryPoint\",\"urlTemplate\":\"https:\/\/mora-play.com\/es\/?s={search_term_string}\"},\"query-input\":{\"@type\":\"PropertyValueSpecification\",\"valueRequired\":true,\"valueName\":\"search_term_string\"}}],\"inLanguage\":\"es\"},{\"@type\":\"Organization\",\"@id\":\"https:\/\/mora-play.com\/es\/#organization\",\"name\":\"Mora Play\",\"alternateName\":\"Mora-Play\",\"url\":\"https:\/\/mora-play.com\/es\/\",\"logo\":{\"@type\":\"ImageObject\",\"inLanguage\":\"es\",\"@id\":\"https:\/\/mora-play.com\/es\/#\/schema\/logo\/image\/\",\"url\":\"https:\/\/mora-play.com\/wp-content\/uploads\/2023\/02\/cropped-favicon_moraplay-1.png\",\"contentUrl\":\"https:\/\/mora-play.com\/wp-content\/uploads\/2023\/02\/cropped-favicon_moraplay-1.png\",\"width\":512,\"height\":512,\"caption\":\"Mora Play\"},\"image\":{\"@id\":\"https:\/\/mora-play.com\/es\/#\/schema\/logo\/image\/\"},\"sameAs\":[\"https:\/\/www.facebook.com\/moraplays\/\",\"https:\/\/www.instagram.com\/_mora_play\/\"]}]}<\/script>\n<!-- \/ Yoast SEO plugin. -->","yoast_head_json":{"title":"Juego de 9 bolos de 24 cm | Mora Play","robots":{"index":"index","follow":"follow","max-snippet":"max-snippet:-1","max-image-preview":"max-image-preview:large","max-video-preview":"max-video-preview:-1"},"canonical":"https:\/\/mora-play.com\/es\/producte\/juego-de-9-bolos-de-24-cm\/","og_locale":"es_ES","og_type":"article","og_title":"Juego de 9 bolos de 24 cm | Mora Play","og_description":"El \u00fanico juego de la casa que est\u00e1 formado por 9 bolos. Miden 24 cm de altura y las tres bolas 5,7 cm de di\u00e1metro. Tres bolos de cada color: verde, azul y rojo. Fabricado en madera de haya y barnizado para una mejor conservaci\u00f3n. El juego se presenta en una malla biodegradable.  Medidas: 24 cm Edad recomendada:\u00a0a partir de 6 a\u00f1os Valores:\u00a0Favorece la coordinaci\u00f3n de movimientos y la punter\u00eda, aprender a jugar bajo unas normas y disfrutar de una competici\u00f3n divertida en grupo.","og_url":"https:\/\/mora-play.com\/es\/producte\/juego-de-9-bolos-de-24-cm\/","og_site_name":"Mora Play","article_publisher":"https:\/\/www.facebook.com\/moraplays\/","og_image":[{"width":2560,"height":1707,"url":"https:\/\/mora-play.com\/wp-content\/uploads\/2023\/02\/ref.-32-24-004-scaled.jpg","type":"image\/jpeg"}],"twitter_card":"summary_large_image","schema":{"@context":"https:\/\/schema.org","@graph":[{"@type":"WebPage","@id":"https:\/\/mora-play.com\/es\/producte\/juego-de-9-bolos-de-24-cm\/","url":"https:\/\/mora-play.com\/es\/producte\/juego-de-9-bolos-de-24-cm\/","name":"Juego de 9 bolos de 24 cm | Mora Play","isPartOf":{"@id":"https:\/\/mora-play.com\/es\/#website"},"primaryImageOfPage":{"@id":"https:\/\/mora-play.com\/es\/producte\/juego-de-9-bolos-de-24-cm\/#primaryimage"},"image":{"@id":"https:\/\/mora-play.com\/es\/producte\/juego-de-9-bolos-de-24-cm\/#primaryimage"},"thumbnailUrl":"https:\/\/mora-play.com\/wp-content\/uploads\/2023\/02\/ref.-32-24-004-scaled.jpg","datePublished":"2023-02-16T15:18:17+00:00","breadcrumb":{"@id":"https:\/\/mora-play.com\/es\/producte\/juego-de-9-bolos-de-24-cm\/#breadcrumb"},"inLanguage":"es","potentialAction":[{"@type":"ReadAction","target":["https:\/\/mora-play.com\/es\/producte\/juego-de-9-bolos-de-24-cm\/"]}]},{"@type":"ImageObject","inLanguage":"es","@id":"https:\/\/mora-play.com\/es\/producte\/juego-de-9-bolos-de-24-cm\/#primaryimage","url":"https:\/\/mora-play.com\/wp-content\/uploads\/2023\/02\/ref.-32-24-004-scaled.jpg","contentUrl":"https:\/\/mora-play.com\/wp-content\/uploads\/2023\/02\/ref.-32-24-004-scaled.jpg","width":2560,"height":1707},{"@type":"BreadcrumbList","@id":"https:\/\/mora-play.com\/es\/producte\/juego-de-9-bolos-de-24-cm\/#breadcrumb","itemListElement":[{"@type":"ListItem","position":1,"name":"Inici","item":"https:\/\/mora-play.com\/es\/"},{"@type":"ListItem","position":2,"name":"Tienda","item":"https:\/\/mora-play.com\/es\/tienda\/"},{"@type":"ListItem","position":3,"name":"Juego de 9 bolos de 24 cm"}]},{"@type":"WebSite","@id":"https:\/\/mora-play.com\/es\/#website","url":"https:\/\/mora-play.com\/es\/","name":"Mora Play","description":"Wooden Toys &amp; Games","publisher":{"@id":"https:\/\/mora-play.com\/es\/#organization"},"alternateName":"Mora Play","potentialAction":[{"@type":"SearchAction","target":{"@type":"EntryPoint","urlTemplate":"https:\/\/mora-play.com\/es\/?s={search_term_string}"},"query-input":{"@type":"PropertyValueSpecification","valueRequired":true,"valueName":"search_term_string"}}],"inLanguage":"es"},{"@type":"Organization","@id":"https:\/\/mora-play.com\/es\/#organization","name":"Mora Play","alternateName":"Mora-Play","url":"https:\/\/mora-play.com\/es\/","logo":{"@type":"ImageObject","inLanguage":"es","@id":"https:\/\/mora-play.com\/es\/#\/schema\/logo\/image\/","url":"https:\/\/mora-play.com\/wp-content\/uploads\/2023\/02\/cropped-favicon_moraplay-1.png","contentUrl":"https:\/\/mora-play.com\/wp-content\/uploads\/2023\/02\/cropped-favicon_moraplay-1.png","width":512,"height":512,"caption":"Mora Play"},"image":{"@id":"https:\/\/mora-play.com\/es\/#\/schema\/logo\/image\/"},"sameAs":["https:\/\/www.facebook.com\/moraplays\/","https:\/\/www.instagram.com\/_mora_play\/"]}]}},"_links":{"self":[{"href":"https:\/\/mora-play.com\/es\/wp-json\/wp\/v2\/product\/10332","targetHints":{"allow":["GET"]}}],"collection":[{"href":"https:\/\/mora-play.com\/es\/wp-json\/wp\/v2\/product"}],"about":[{"href":"https:\/\/mora-play.com\/es\/wp-json\/wp\/v2\/types\/product"}],"wp:featuredmedia":[{"embeddable":true,"href":"https:\/\/mora-play.com\/es\/wp-json\/wp\/v2\/media\/8818"}],"wp:attachment":[{"href":"https:\/\/mora-play.com\/es\/wp-json\/wp\/v2\/media?parent=10332"}],"wp:term":[{"taxonomy":"product_brand","embeddable":true,"href":"https:\/\/mora-play.com\/es\/wp-json\/wp\/v2\/product_brand?post=10332"},{"taxonomy":"product_cat","embeddable":true,"href":"https:\/\/mora-play.com\/es\/wp-json\/wp\/v2\/product_cat?post=10332"},{"taxonomy":"product_tag","embeddable":true,"href":"https:\/\/mora-play.com\/es\/wp-json\/wp\/v2\/product_tag?post=10332"}],"curies":[{"name":"wp","href":"https:\/\/api.w.org\/{rel}","templated":true}]}}