{"id":10338,"date":"2023-02-16T15:18:17","date_gmt":"2023-02-16T15:18:17","guid":{"rendered":"https:\/\/mora-play.comproducte\/juego-de-bolos-de-30-0-35-cm-con-marco\/"},"modified":"2023-02-16T15:18:17","modified_gmt":"2023-02-16T15:18:17","slug":"juego-de-bolos-de-30-0-35-cm-con-marco","status":"publish","type":"product","link":"https:\/\/mora-play.com\/es\/producte\/juego-de-bolos-de-30-0-35-cm-con-marco\/","title":{"rendered":"Juego de bolos de 30 0 35 cm con marco"},"content":{"rendered":"","protected":false},"excerpt":{"rendered":"<p>El juego est\u00e1 formado por 6 bolos de 30 o 35 cm de altura y tres bolas de 8 cm de di\u00e1metro. Todo fabricado con madera de haya, pintado a mano y despu\u00e9s barnizado para protegerlo y asegurar mayor durabilidad. Para transportarlo c\u00f3modamente se presenta en un marco de madera con un asa, ideal para guardarlo y que no se pierda nada. Tambi\u00e9n incluye un contador de puntos.<\/p>\n<p><strong>Medidas:<\/strong> 30 o 35 cm<br \/>\n<strong>Edad recomendada:<\/strong>\u00a0a partir de 6 a\u00f1os<br \/>\n<strong>Valores:<\/strong>\u00a0Favorece la coordinaci\u00f3n de movimientos y la punter\u00eda, aprender a jugar bajo unas normas y disfrutar de una competici\u00f3n divertida en grupo.<\/p>\n","protected":false},"featured_media":8973,"template":"","meta":{"om_disable_all_campaigns":false,"_monsterinsights_skip_tracking":false,"_monsterinsights_sitenote_active":false,"_monsterinsights_sitenote_note":"","_monsterinsights_sitenote_category":0,"_uf_show_specific_survey":0,"_uf_disable_surveys":false},"product_brand":[],"product_cat":[308,307,309,267,351,352,268,163,164,304,337],"product_tag":[],"class_list":{"0":"post-10338","1":"product","2":"type-product","3":"status-publish","4":"has-post-thumbnail","6":"product_cat-mas-de-12-anos","7":"product_cat-de-6-a-12-anos","8":"product_cat-adultos","9":"product_cat-bolos-y-petanca-de-madera","10":"product_cat-habilidad","11":"product_cat-juegos-familiares","12":"product_cat-juegos-tradicionales-exterior","13":"product_cat-juegos-y-juguetes","14":"product_cat-juguetes-de-exterior","15":"product_cat-por-edad","16":"product_cat-por-objetivo","18":"first","19":"instock","20":"taxable","21":"shipping-taxable","22":"purchasable","23":"product-type-variable","24":"has-default-attributes"},"yoast_head":"<!-- This site is optimized with the Yoast SEO plugin v27.4 - https:\/\/yoast.com\/product\/yoast-seo-wordpress\/ -->\n<title>Juego de bolos de 30 0 35 cm con marco | Mora Play<\/title>\n<meta name=\"robots\" content=\"index, follow, max-snippet:-1, max-image-preview:large, max-video-preview:-1\" \/>\n<link rel=\"canonical\" href=\"https:\/\/mora-play.com\/es\/producte\/juego-de-bolos-de-30-0-35-cm-con-marco\/\" \/>\n<meta property=\"og:locale\" content=\"es_ES\" \/>\n<meta property=\"og:type\" content=\"article\" \/>\n<meta property=\"og:title\" content=\"Juego de bolos de 30 0 35 cm con marco | Mora Play\" \/>\n<meta property=\"og:description\" content=\"El juego est\u00e1 formado por 6 bolos de 30 o 35 cm de altura y tres bolas de 8 cm de di\u00e1metro. Todo fabricado con madera de haya, pintado a mano y despu\u00e9s barnizado para protegerlo y asegurar mayor durabilidad. Para transportarlo c\u00f3modamente se presenta en un marco de madera con un asa, ideal para guardarlo y que no se pierda nada. Tambi\u00e9n incluye un contador de puntos.  Medidas: 30 o 35 cm Edad recomendada:\u00a0a partir de 6 a\u00f1os Valores:\u00a0Favorece la coordinaci\u00f3n de movimientos y la punter\u00eda, aprender a jugar bajo unas normas y disfrutar de una competici\u00f3n divertida en grupo.\" \/>\n<meta property=\"og:url\" content=\"https:\/\/mora-play.com\/es\/producte\/juego-de-bolos-de-30-0-35-cm-con-marco\/\" \/>\n<meta property=\"og:site_name\" content=\"Mora Play\" \/>\n<meta property=\"article:publisher\" content=\"https:\/\/www.facebook.com\/moraplays\/\" \/>\n<meta property=\"og:image\" content=\"https:\/\/mora-play.com\/wp-content\/uploads\/2023\/02\/ref.-37-30-1-scaled.jpg\" \/>\n\t<meta property=\"og:image:width\" content=\"2560\" \/>\n\t<meta property=\"og:image:height\" content=\"1707\" \/>\n\t<meta property=\"og:image:type\" content=\"image\/jpeg\" \/>\n<meta name=\"twitter:card\" content=\"summary_large_image\" \/>\n<script type=\"application\/ld+json\" class=\"yoast-schema-graph\">{\"@context\":\"https:\\\/\\\/schema.org\",\"@graph\":[{\"@type\":\"WebPage\",\"@id\":\"https:\\\/\\\/mora-play.com\\\/es\\\/producte\\\/juego-de-bolos-de-30-0-35-cm-con-marco\\\/\",\"url\":\"https:\\\/\\\/mora-play.com\\\/es\\\/producte\\\/juego-de-bolos-de-30-0-35-cm-con-marco\\\/\",\"name\":\"Juego de bolos de 30 0 35 cm con marco | Mora Play\",\"isPartOf\":{\"@id\":\"https:\\\/\\\/mora-play.com\\\/es\\\/#website\"},\"primaryImageOfPage\":{\"@id\":\"https:\\\/\\\/mora-play.com\\\/es\\\/producte\\\/juego-de-bolos-de-30-0-35-cm-con-marco\\\/#primaryimage\"},\"image\":{\"@id\":\"https:\\\/\\\/mora-play.com\\\/es\\\/producte\\\/juego-de-bolos-de-30-0-35-cm-con-marco\\\/#primaryimage\"},\"thumbnailUrl\":\"https:\\\/\\\/mora-play.com\\\/wp-content\\\/uploads\\\/2023\\\/02\\\/ref.-37-30-1-scaled.jpg\",\"datePublished\":\"2023-02-16T15:18:17+00:00\",\"breadcrumb\":{\"@id\":\"https:\\\/\\\/mora-play.com\\\/es\\\/producte\\\/juego-de-bolos-de-30-0-35-cm-con-marco\\\/#breadcrumb\"},\"inLanguage\":\"es\",\"potentialAction\":[{\"@type\":\"ReadAction\",\"target\":[\"https:\\\/\\\/mora-play.com\\\/es\\\/producte\\\/juego-de-bolos-de-30-0-35-cm-con-marco\\\/\"]}]},{\"@type\":\"ImageObject\",\"inLanguage\":\"es\",\"@id\":\"https:\\\/\\\/mora-play.com\\\/es\\\/producte\\\/juego-de-bolos-de-30-0-35-cm-con-marco\\\/#primaryimage\",\"url\":\"https:\\\/\\\/mora-play.com\\\/wp-content\\\/uploads\\\/2023\\\/02\\\/ref.-37-30-1-scaled.jpg\",\"contentUrl\":\"https:\\\/\\\/mora-play.com\\\/wp-content\\\/uploads\\\/2023\\\/02\\\/ref.-37-30-1-scaled.jpg\",\"width\":2560,\"height\":1707},{\"@type\":\"BreadcrumbList\",\"@id\":\"https:\\\/\\\/mora-play.com\\\/es\\\/producte\\\/juego-de-bolos-de-30-0-35-cm-con-marco\\\/#breadcrumb\",\"itemListElement\":[{\"@type\":\"ListItem\",\"position\":1,\"name\":\"Inici\",\"item\":\"https:\\\/\\\/mora-play.com\\\/es\\\/\"},{\"@type\":\"ListItem\",\"position\":2,\"name\":\"Tienda\",\"item\":\"https:\\\/\\\/mora-play.com\\\/es\\\/tienda\\\/\"},{\"@type\":\"ListItem\",\"position\":3,\"name\":\"Juego de bolos de 30 0 35 cm con marco\"}]},{\"@type\":\"WebSite\",\"@id\":\"https:\\\/\\\/mora-play.com\\\/es\\\/#website\",\"url\":\"https:\\\/\\\/mora-play.com\\\/es\\\/\",\"name\":\"Mora Play\",\"description\":\"Wooden Toys &amp; Games\",\"publisher\":{\"@id\":\"https:\\\/\\\/mora-play.com\\\/es\\\/#organization\"},\"alternateName\":\"Mora Play\",\"potentialAction\":[{\"@type\":\"SearchAction\",\"target\":{\"@type\":\"EntryPoint\",\"urlTemplate\":\"https:\\\/\\\/mora-play.com\\\/es\\\/?s={search_term_string}\"},\"query-input\":{\"@type\":\"PropertyValueSpecification\",\"valueRequired\":true,\"valueName\":\"search_term_string\"}}],\"inLanguage\":\"es\"},{\"@type\":\"Organization\",\"@id\":\"https:\\\/\\\/mora-play.com\\\/es\\\/#organization\",\"name\":\"Mora Play\",\"alternateName\":\"Mora-Play\",\"url\":\"https:\\\/\\\/mora-play.com\\\/es\\\/\",\"logo\":{\"@type\":\"ImageObject\",\"inLanguage\":\"es\",\"@id\":\"https:\\\/\\\/mora-play.com\\\/es\\\/#\\\/schema\\\/logo\\\/image\\\/\",\"url\":\"https:\\\/\\\/mora-play.com\\\/wp-content\\\/uploads\\\/2023\\\/02\\\/cropped-favicon_moraplay-1.png\",\"contentUrl\":\"https:\\\/\\\/mora-play.com\\\/wp-content\\\/uploads\\\/2023\\\/02\\\/cropped-favicon_moraplay-1.png\",\"width\":512,\"height\":512,\"caption\":\"Mora Play\"},\"image\":{\"@id\":\"https:\\\/\\\/mora-play.com\\\/es\\\/#\\\/schema\\\/logo\\\/image\\\/\"},\"sameAs\":[\"https:\\\/\\\/www.facebook.com\\\/moraplays\\\/\",\"https:\\\/\\\/www.instagram.com\\\/_mora_play\\\/\"]}]}<\/script>\n<!-- \/ Yoast SEO plugin. -->","yoast_head_json":{"title":"Juego de bolos de 30 0 35 cm con marco | Mora Play","robots":{"index":"index","follow":"follow","max-snippet":"max-snippet:-1","max-image-preview":"max-image-preview:large","max-video-preview":"max-video-preview:-1"},"canonical":"https:\/\/mora-play.com\/es\/producte\/juego-de-bolos-de-30-0-35-cm-con-marco\/","og_locale":"es_ES","og_type":"article","og_title":"Juego de bolos de 30 0 35 cm con marco | Mora Play","og_description":"El juego est\u00e1 formado por 6 bolos de 30 o 35 cm de altura y tres bolas de 8 cm de di\u00e1metro. Todo fabricado con madera de haya, pintado a mano y despu\u00e9s barnizado para protegerlo y asegurar mayor durabilidad. Para transportarlo c\u00f3modamente se presenta en un marco de madera con un asa, ideal para guardarlo y que no se pierda nada. Tambi\u00e9n incluye un contador de puntos.  Medidas: 30 o 35 cm Edad recomendada:\u00a0a partir de 6 a\u00f1os Valores:\u00a0Favorece la coordinaci\u00f3n de movimientos y la punter\u00eda, aprender a jugar bajo unas normas y disfrutar de una competici\u00f3n divertida en grupo.","og_url":"https:\/\/mora-play.com\/es\/producte\/juego-de-bolos-de-30-0-35-cm-con-marco\/","og_site_name":"Mora Play","article_publisher":"https:\/\/www.facebook.com\/moraplays\/","og_image":[{"width":2560,"height":1707,"url":"https:\/\/mora-play.com\/wp-content\/uploads\/2023\/02\/ref.-37-30-1-scaled.jpg","type":"image\/jpeg"}],"twitter_card":"summary_large_image","schema":{"@context":"https:\/\/schema.org","@graph":[{"@type":"WebPage","@id":"https:\/\/mora-play.com\/es\/producte\/juego-de-bolos-de-30-0-35-cm-con-marco\/","url":"https:\/\/mora-play.com\/es\/producte\/juego-de-bolos-de-30-0-35-cm-con-marco\/","name":"Juego de bolos de 30 0 35 cm con marco | Mora Play","isPartOf":{"@id":"https:\/\/mora-play.com\/es\/#website"},"primaryImageOfPage":{"@id":"https:\/\/mora-play.com\/es\/producte\/juego-de-bolos-de-30-0-35-cm-con-marco\/#primaryimage"},"image":{"@id":"https:\/\/mora-play.com\/es\/producte\/juego-de-bolos-de-30-0-35-cm-con-marco\/#primaryimage"},"thumbnailUrl":"https:\/\/mora-play.com\/wp-content\/uploads\/2023\/02\/ref.-37-30-1-scaled.jpg","datePublished":"2023-02-16T15:18:17+00:00","breadcrumb":{"@id":"https:\/\/mora-play.com\/es\/producte\/juego-de-bolos-de-30-0-35-cm-con-marco\/#breadcrumb"},"inLanguage":"es","potentialAction":[{"@type":"ReadAction","target":["https:\/\/mora-play.com\/es\/producte\/juego-de-bolos-de-30-0-35-cm-con-marco\/"]}]},{"@type":"ImageObject","inLanguage":"es","@id":"https:\/\/mora-play.com\/es\/producte\/juego-de-bolos-de-30-0-35-cm-con-marco\/#primaryimage","url":"https:\/\/mora-play.com\/wp-content\/uploads\/2023\/02\/ref.-37-30-1-scaled.jpg","contentUrl":"https:\/\/mora-play.com\/wp-content\/uploads\/2023\/02\/ref.-37-30-1-scaled.jpg","width":2560,"height":1707},{"@type":"BreadcrumbList","@id":"https:\/\/mora-play.com\/es\/producte\/juego-de-bolos-de-30-0-35-cm-con-marco\/#breadcrumb","itemListElement":[{"@type":"ListItem","position":1,"name":"Inici","item":"https:\/\/mora-play.com\/es\/"},{"@type":"ListItem","position":2,"name":"Tienda","item":"https:\/\/mora-play.com\/es\/tienda\/"},{"@type":"ListItem","position":3,"name":"Juego de bolos de 30 0 35 cm con marco"}]},{"@type":"WebSite","@id":"https:\/\/mora-play.com\/es\/#website","url":"https:\/\/mora-play.com\/es\/","name":"Mora Play","description":"Wooden Toys &amp; Games","publisher":{"@id":"https:\/\/mora-play.com\/es\/#organization"},"alternateName":"Mora Play","potentialAction":[{"@type":"SearchAction","target":{"@type":"EntryPoint","urlTemplate":"https:\/\/mora-play.com\/es\/?s={search_term_string}"},"query-input":{"@type":"PropertyValueSpecification","valueRequired":true,"valueName":"search_term_string"}}],"inLanguage":"es"},{"@type":"Organization","@id":"https:\/\/mora-play.com\/es\/#organization","name":"Mora Play","alternateName":"Mora-Play","url":"https:\/\/mora-play.com\/es\/","logo":{"@type":"ImageObject","inLanguage":"es","@id":"https:\/\/mora-play.com\/es\/#\/schema\/logo\/image\/","url":"https:\/\/mora-play.com\/wp-content\/uploads\/2023\/02\/cropped-favicon_moraplay-1.png","contentUrl":"https:\/\/mora-play.com\/wp-content\/uploads\/2023\/02\/cropped-favicon_moraplay-1.png","width":512,"height":512,"caption":"Mora Play"},"image":{"@id":"https:\/\/mora-play.com\/es\/#\/schema\/logo\/image\/"},"sameAs":["https:\/\/www.facebook.com\/moraplays\/","https:\/\/www.instagram.com\/_mora_play\/"]}]}},"_links":{"self":[{"href":"https:\/\/mora-play.com\/es\/wp-json\/wp\/v2\/product\/10338","targetHints":{"allow":["GET"]}}],"collection":[{"href":"https:\/\/mora-play.com\/es\/wp-json\/wp\/v2\/product"}],"about":[{"href":"https:\/\/mora-play.com\/es\/wp-json\/wp\/v2\/types\/product"}],"wp:featuredmedia":[{"embeddable":true,"href":"https:\/\/mora-play.com\/es\/wp-json\/wp\/v2\/media\/8973"}],"wp:attachment":[{"href":"https:\/\/mora-play.com\/es\/wp-json\/wp\/v2\/media?parent=10338"}],"wp:term":[{"taxonomy":"product_brand","embeddable":true,"href":"https:\/\/mora-play.com\/es\/wp-json\/wp\/v2\/product_brand?post=10338"},{"taxonomy":"product_cat","embeddable":true,"href":"https:\/\/mora-play.com\/es\/wp-json\/wp\/v2\/product_cat?post=10338"},{"taxonomy":"product_tag","embeddable":true,"href":"https:\/\/mora-play.com\/es\/wp-json\/wp\/v2\/product_tag?post=10338"}],"curies":[{"name":"wp","href":"https:\/\/api.w.org\/{rel}","templated":true}]}}