{"id":10411,"date":"2023-02-16T15:17:58","date_gmt":"2023-02-16T15:17:58","guid":{"rendered":"https:\/\/mora-play.comproducte\/conjunto-parchis-juego-de-la-oca-con-marco-de-madera\/"},"modified":"2023-12-12T10:02:28","modified_gmt":"2023-12-12T10:02:28","slug":"conjunto-parchis-juego-de-la-oca-con-marco-de-madera","status":"publish","type":"product","link":"https:\/\/mora-play.com\/es\/producte\/conjunto-parchis-juego-de-la-oca-con-marco-de-madera\/","title":{"rendered":"Conjunto parch\u00eds + juego de la oca con marco de madera"},"content":{"rendered":"","protected":false},"excerpt":{"rendered":"<p>Conjunto del juego del parch\u00eds y de la oca de toda la vida, con un marco de madera de pino natural sin tratar. Tambi\u00e9n incluye 4 cubiletes de madera de haya, fichas de madera de boj te\u00f1idas de los colores del parch\u00eds y sus dados. \u00a1Un juego a cada lado del tablero para no aburrirse nunca!<\/p>\n<p><strong>Medidas:<\/strong> 40 cm<br \/>\n<strong>Accesorios:<\/strong> 4 jugadores<\/p>\n","protected":false},"featured_media":9204,"template":"","meta":{"om_disable_all_campaigns":false,"_monsterinsights_skip_tracking":false,"_monsterinsights_sitenote_active":false,"_monsterinsights_sitenote_note":"","_monsterinsights_sitenote_category":0,"_uf_show_specific_survey":0,"_uf_disable_surveys":false},"product_brand":[],"product_cat":[308,306,307,309,173,168,292,352,163,165,359,304,337],"product_tag":[],"class_list":{"0":"post-10411","1":"product","2":"type-product","3":"status-publish","4":"has-post-thumbnail","6":"product_cat-mas-de-12-anos","7":"product_cat-de-3-a-5-anos","8":"product_cat-de-6-a-12-anos","9":"product_cat-adultos","10":"product_cat-conjuntos-juegos-de-mesa","11":"product_cat-juegos-de-mesa","12":"product_cat-juegos-de-mesa-interior","13":"product_cat-juegos-familiares","14":"product_cat-juegos-y-juguetes","15":"product_cat-juguetes-de-interior","16":"product_cat-clasicos-de-mora","17":"product_cat-por-edad","18":"product_cat-por-objetivo","20":"first","21":"instock","22":"taxable","23":"shipping-taxable","24":"purchasable","25":"product-type-simple"},"yoast_head":"<!-- This site is optimized with the Yoast SEO plugin v27.4 - https:\/\/yoast.com\/product\/yoast-seo-wordpress\/ -->\n<title>Conjunto parch\u00eds + juego de la oca con marco de madera | Mora Play<\/title>\n<meta name=\"robots\" content=\"index, follow, max-snippet:-1, max-image-preview:large, max-video-preview:-1\" \/>\n<link rel=\"canonical\" href=\"https:\/\/mora-play.com\/es\/producte\/conjunto-parchis-juego-de-la-oca-con-marco-de-madera\/\" \/>\n<meta property=\"og:locale\" content=\"es_ES\" \/>\n<meta property=\"og:type\" content=\"article\" \/>\n<meta property=\"og:title\" content=\"Conjunto parch\u00eds + juego de la oca con marco de madera | Mora Play\" \/>\n<meta property=\"og:description\" content=\"Conjunto del juego del parch\u00eds y de la oca de toda la vida, con un marco de madera de pino natural sin tratar. Tambi\u00e9n incluye 4 cubiletes de madera de haya, fichas de madera de boj te\u00f1idas de los colores del parch\u00eds y sus dados. \u00a1Un juego a cada lado del tablero para no aburrirse nunca!  Medidas: 40 cm Accesorios: 4 jugadores\" \/>\n<meta property=\"og:url\" content=\"https:\/\/mora-play.com\/es\/producte\/conjunto-parchis-juego-de-la-oca-con-marco-de-madera\/\" \/>\n<meta property=\"og:site_name\" content=\"Mora Play\" \/>\n<meta property=\"article:publisher\" content=\"https:\/\/www.facebook.com\/moraplays\/\" \/>\n<meta property=\"article:modified_time\" content=\"2023-12-12T10:02:28+00:00\" \/>\n<meta property=\"og:image\" content=\"https:\/\/mora-play.com\/wp-content\/uploads\/2023\/02\/ref.-66-001-scaled.jpg\" \/>\n\t<meta property=\"og:image:width\" content=\"2560\" \/>\n\t<meta property=\"og:image:height\" content=\"1707\" \/>\n\t<meta property=\"og:image:type\" content=\"image\/jpeg\" \/>\n<meta name=\"twitter:card\" content=\"summary_large_image\" \/>\n<script type=\"application\/ld+json\" class=\"yoast-schema-graph\">{\"@context\":\"https:\\\/\\\/schema.org\",\"@graph\":[{\"@type\":\"WebPage\",\"@id\":\"https:\\\/\\\/mora-play.com\\\/es\\\/producte\\\/conjunto-parchis-juego-de-la-oca-con-marco-de-madera\\\/\",\"url\":\"https:\\\/\\\/mora-play.com\\\/es\\\/producte\\\/conjunto-parchis-juego-de-la-oca-con-marco-de-madera\\\/\",\"name\":\"Conjunto parch\u00eds + juego de la oca con marco de madera | Mora Play\",\"isPartOf\":{\"@id\":\"https:\\\/\\\/mora-play.com\\\/es\\\/#website\"},\"primaryImageOfPage\":{\"@id\":\"https:\\\/\\\/mora-play.com\\\/es\\\/producte\\\/conjunto-parchis-juego-de-la-oca-con-marco-de-madera\\\/#primaryimage\"},\"image\":{\"@id\":\"https:\\\/\\\/mora-play.com\\\/es\\\/producte\\\/conjunto-parchis-juego-de-la-oca-con-marco-de-madera\\\/#primaryimage\"},\"thumbnailUrl\":\"https:\\\/\\\/mora-play.com\\\/wp-content\\\/uploads\\\/2023\\\/02\\\/ref.-66-001-scaled.jpg\",\"datePublished\":\"2023-02-16T15:17:58+00:00\",\"dateModified\":\"2023-12-12T10:02:28+00:00\",\"breadcrumb\":{\"@id\":\"https:\\\/\\\/mora-play.com\\\/es\\\/producte\\\/conjunto-parchis-juego-de-la-oca-con-marco-de-madera\\\/#breadcrumb\"},\"inLanguage\":\"es\",\"potentialAction\":[{\"@type\":\"ReadAction\",\"target\":[\"https:\\\/\\\/mora-play.com\\\/es\\\/producte\\\/conjunto-parchis-juego-de-la-oca-con-marco-de-madera\\\/\"]}]},{\"@type\":\"ImageObject\",\"inLanguage\":\"es\",\"@id\":\"https:\\\/\\\/mora-play.com\\\/es\\\/producte\\\/conjunto-parchis-juego-de-la-oca-con-marco-de-madera\\\/#primaryimage\",\"url\":\"https:\\\/\\\/mora-play.com\\\/wp-content\\\/uploads\\\/2023\\\/02\\\/ref.-66-001-scaled.jpg\",\"contentUrl\":\"https:\\\/\\\/mora-play.com\\\/wp-content\\\/uploads\\\/2023\\\/02\\\/ref.-66-001-scaled.jpg\",\"width\":2560,\"height\":1707},{\"@type\":\"BreadcrumbList\",\"@id\":\"https:\\\/\\\/mora-play.com\\\/es\\\/producte\\\/conjunto-parchis-juego-de-la-oca-con-marco-de-madera\\\/#breadcrumb\",\"itemListElement\":[{\"@type\":\"ListItem\",\"position\":1,\"name\":\"Inici\",\"item\":\"https:\\\/\\\/mora-play.com\\\/es\\\/\"},{\"@type\":\"ListItem\",\"position\":2,\"name\":\"Tienda\",\"item\":\"https:\\\/\\\/mora-play.com\\\/es\\\/tienda\\\/\"},{\"@type\":\"ListItem\",\"position\":3,\"name\":\"Conjunto parch\u00eds + juego de la oca con marco de madera\"}]},{\"@type\":\"WebSite\",\"@id\":\"https:\\\/\\\/mora-play.com\\\/es\\\/#website\",\"url\":\"https:\\\/\\\/mora-play.com\\\/es\\\/\",\"name\":\"Mora Play\",\"description\":\"Wooden Toys &amp; Games\",\"publisher\":{\"@id\":\"https:\\\/\\\/mora-play.com\\\/es\\\/#organization\"},\"alternateName\":\"Mora Play\",\"potentialAction\":[{\"@type\":\"SearchAction\",\"target\":{\"@type\":\"EntryPoint\",\"urlTemplate\":\"https:\\\/\\\/mora-play.com\\\/es\\\/?s={search_term_string}\"},\"query-input\":{\"@type\":\"PropertyValueSpecification\",\"valueRequired\":true,\"valueName\":\"search_term_string\"}}],\"inLanguage\":\"es\"},{\"@type\":\"Organization\",\"@id\":\"https:\\\/\\\/mora-play.com\\\/es\\\/#organization\",\"name\":\"Mora Play\",\"alternateName\":\"Mora-Play\",\"url\":\"https:\\\/\\\/mora-play.com\\\/es\\\/\",\"logo\":{\"@type\":\"ImageObject\",\"inLanguage\":\"es\",\"@id\":\"https:\\\/\\\/mora-play.com\\\/es\\\/#\\\/schema\\\/logo\\\/image\\\/\",\"url\":\"https:\\\/\\\/mora-play.com\\\/wp-content\\\/uploads\\\/2023\\\/02\\\/cropped-favicon_moraplay-1.png\",\"contentUrl\":\"https:\\\/\\\/mora-play.com\\\/wp-content\\\/uploads\\\/2023\\\/02\\\/cropped-favicon_moraplay-1.png\",\"width\":512,\"height\":512,\"caption\":\"Mora Play\"},\"image\":{\"@id\":\"https:\\\/\\\/mora-play.com\\\/es\\\/#\\\/schema\\\/logo\\\/image\\\/\"},\"sameAs\":[\"https:\\\/\\\/www.facebook.com\\\/moraplays\\\/\",\"https:\\\/\\\/www.instagram.com\\\/_mora_play\\\/\"]}]}<\/script>\n<!-- \/ Yoast SEO plugin. -->","yoast_head_json":{"title":"Conjunto parch\u00eds + juego de la oca con marco de madera | Mora Play","robots":{"index":"index","follow":"follow","max-snippet":"max-snippet:-1","max-image-preview":"max-image-preview:large","max-video-preview":"max-video-preview:-1"},"canonical":"https:\/\/mora-play.com\/es\/producte\/conjunto-parchis-juego-de-la-oca-con-marco-de-madera\/","og_locale":"es_ES","og_type":"article","og_title":"Conjunto parch\u00eds + juego de la oca con marco de madera | Mora Play","og_description":"Conjunto del juego del parch\u00eds y de la oca de toda la vida, con un marco de madera de pino natural sin tratar. Tambi\u00e9n incluye 4 cubiletes de madera de haya, fichas de madera de boj te\u00f1idas de los colores del parch\u00eds y sus dados. \u00a1Un juego a cada lado del tablero para no aburrirse nunca!  Medidas: 40 cm Accesorios: 4 jugadores","og_url":"https:\/\/mora-play.com\/es\/producte\/conjunto-parchis-juego-de-la-oca-con-marco-de-madera\/","og_site_name":"Mora Play","article_publisher":"https:\/\/www.facebook.com\/moraplays\/","article_modified_time":"2023-12-12T10:02:28+00:00","og_image":[{"width":2560,"height":1707,"url":"https:\/\/mora-play.com\/wp-content\/uploads\/2023\/02\/ref.-66-001-scaled.jpg","type":"image\/jpeg"}],"twitter_card":"summary_large_image","schema":{"@context":"https:\/\/schema.org","@graph":[{"@type":"WebPage","@id":"https:\/\/mora-play.com\/es\/producte\/conjunto-parchis-juego-de-la-oca-con-marco-de-madera\/","url":"https:\/\/mora-play.com\/es\/producte\/conjunto-parchis-juego-de-la-oca-con-marco-de-madera\/","name":"Conjunto parch\u00eds + juego de la oca con marco de madera | Mora Play","isPartOf":{"@id":"https:\/\/mora-play.com\/es\/#website"},"primaryImageOfPage":{"@id":"https:\/\/mora-play.com\/es\/producte\/conjunto-parchis-juego-de-la-oca-con-marco-de-madera\/#primaryimage"},"image":{"@id":"https:\/\/mora-play.com\/es\/producte\/conjunto-parchis-juego-de-la-oca-con-marco-de-madera\/#primaryimage"},"thumbnailUrl":"https:\/\/mora-play.com\/wp-content\/uploads\/2023\/02\/ref.-66-001-scaled.jpg","datePublished":"2023-02-16T15:17:58+00:00","dateModified":"2023-12-12T10:02:28+00:00","breadcrumb":{"@id":"https:\/\/mora-play.com\/es\/producte\/conjunto-parchis-juego-de-la-oca-con-marco-de-madera\/#breadcrumb"},"inLanguage":"es","potentialAction":[{"@type":"ReadAction","target":["https:\/\/mora-play.com\/es\/producte\/conjunto-parchis-juego-de-la-oca-con-marco-de-madera\/"]}]},{"@type":"ImageObject","inLanguage":"es","@id":"https:\/\/mora-play.com\/es\/producte\/conjunto-parchis-juego-de-la-oca-con-marco-de-madera\/#primaryimage","url":"https:\/\/mora-play.com\/wp-content\/uploads\/2023\/02\/ref.-66-001-scaled.jpg","contentUrl":"https:\/\/mora-play.com\/wp-content\/uploads\/2023\/02\/ref.-66-001-scaled.jpg","width":2560,"height":1707},{"@type":"BreadcrumbList","@id":"https:\/\/mora-play.com\/es\/producte\/conjunto-parchis-juego-de-la-oca-con-marco-de-madera\/#breadcrumb","itemListElement":[{"@type":"ListItem","position":1,"name":"Inici","item":"https:\/\/mora-play.com\/es\/"},{"@type":"ListItem","position":2,"name":"Tienda","item":"https:\/\/mora-play.com\/es\/tienda\/"},{"@type":"ListItem","position":3,"name":"Conjunto parch\u00eds + juego de la oca con marco de madera"}]},{"@type":"WebSite","@id":"https:\/\/mora-play.com\/es\/#website","url":"https:\/\/mora-play.com\/es\/","name":"Mora Play","description":"Wooden Toys &amp; Games","publisher":{"@id":"https:\/\/mora-play.com\/es\/#organization"},"alternateName":"Mora Play","potentialAction":[{"@type":"SearchAction","target":{"@type":"EntryPoint","urlTemplate":"https:\/\/mora-play.com\/es\/?s={search_term_string}"},"query-input":{"@type":"PropertyValueSpecification","valueRequired":true,"valueName":"search_term_string"}}],"inLanguage":"es"},{"@type":"Organization","@id":"https:\/\/mora-play.com\/es\/#organization","name":"Mora Play","alternateName":"Mora-Play","url":"https:\/\/mora-play.com\/es\/","logo":{"@type":"ImageObject","inLanguage":"es","@id":"https:\/\/mora-play.com\/es\/#\/schema\/logo\/image\/","url":"https:\/\/mora-play.com\/wp-content\/uploads\/2023\/02\/cropped-favicon_moraplay-1.png","contentUrl":"https:\/\/mora-play.com\/wp-content\/uploads\/2023\/02\/cropped-favicon_moraplay-1.png","width":512,"height":512,"caption":"Mora Play"},"image":{"@id":"https:\/\/mora-play.com\/es\/#\/schema\/logo\/image\/"},"sameAs":["https:\/\/www.facebook.com\/moraplays\/","https:\/\/www.instagram.com\/_mora_play\/"]}]}},"_links":{"self":[{"href":"https:\/\/mora-play.com\/es\/wp-json\/wp\/v2\/product\/10411","targetHints":{"allow":["GET"]}}],"collection":[{"href":"https:\/\/mora-play.com\/es\/wp-json\/wp\/v2\/product"}],"about":[{"href":"https:\/\/mora-play.com\/es\/wp-json\/wp\/v2\/types\/product"}],"wp:featuredmedia":[{"embeddable":true,"href":"https:\/\/mora-play.com\/es\/wp-json\/wp\/v2\/media\/9204"}],"wp:attachment":[{"href":"https:\/\/mora-play.com\/es\/wp-json\/wp\/v2\/media?parent=10411"}],"wp:term":[{"taxonomy":"product_brand","embeddable":true,"href":"https:\/\/mora-play.com\/es\/wp-json\/wp\/v2\/product_brand?post=10411"},{"taxonomy":"product_cat","embeddable":true,"href":"https:\/\/mora-play.com\/es\/wp-json\/wp\/v2\/product_cat?post=10411"},{"taxonomy":"product_tag","embeddable":true,"href":"https:\/\/mora-play.com\/es\/wp-json\/wp\/v2\/product_tag?post=10411"}],"curies":[{"name":"wp","href":"https:\/\/api.w.org\/{rel}","templated":true}]}}