{"id":11736,"date":"2025-05-29T14:56:52","date_gmt":"2025-05-29T14:56:52","guid":{"rendered":"https:\/\/mora-play.com\/producte\/conjunto-de-ajedrez-con-tablero-plegable-azul\/"},"modified":"2025-09-19T08:41:42","modified_gmt":"2025-09-19T08:41:42","slug":"conjunto-de-ajedrez-con-tablero-plegable-azul","status":"publish","type":"product","link":"https:\/\/mora-play.com\/es\/producte\/conjunto-de-ajedrez-con-tablero-plegable-azul\/","title":{"rendered":"Conjunto de ajedrez con tablero plegable &#8211; Azul"},"content":{"rendered":"[vc_row type=\u00bbin_container\u00bb full_screen_row_position=\u00bbmiddle\u00bb column_margin=\u00bbdefault\u00bb column_direction=\u00bbdefault\u00bb column_direction_tablet=\u00bbdefault\u00bb column_direction_phone=\u00bbdefault\u00bb scene_position=\u00bbcenter\u00bb text_color=\u00bbdark\u00bb text_align=\u00bbleft\u00bb row_border_radius=\u00bbnone\u00bb row_border_radius_applies=\u00bbbg\u00bb overflow=\u00bbvisible\u00bb overlay_strength=\u00bb0.3&#8243; gradient_direction=\u00bbleft_to_right\u00bb shape_divider_position=\u00bbbottom\u00bb bg_image_animation=\u00bbnone\u00bb][vc_column column_padding=\u00bbno-extra-padding\u00bb column_padding_tablet=\u00bbinherit\u00bb column_padding_phone=\u00bbinherit\u00bb column_padding_position=\u00bball\u00bb column_element_spacing=\u00bbdefault\u00bb background_color_opacity=\u00bb1&#8243; background_hover_color_opacity=\u00bb1&#8243; column_shadow=\u00bbnone\u00bb column_border_radius=\u00bbnone\u00bb column_link_target=\u00bb_self\u00bb column_position=\u00bbdefault\u00bb gradient_direction=\u00bbleft_to_right\u00bb overlay_strength=\u00bb0.3&#8243; width=\u00bb1\/3&#8243; tablet_width_inherit=\u00bbdefault\u00bb tablet_text_alignment=\u00bbdefault\u00bb phone_text_alignment=\u00bbdefault\u00bb animation_type=\u00bbdefault\u00bb bg_image_animation=\u00bbnone\u00bb border_type=\u00bbsimple\u00bb column_border_width=\u00bbnone\u00bb column_border_style=\u00bbsolid\u00bb][vc_column_text]<strong data-start=\"101\" data-end=\"122\">PIEZAS DE AJEDREZ<\/strong><br data-start=\"122\" data-end=\"125\" \/><strong>Referencia:<\/strong> FSE-2\/NE<br data-start=\"142\" data-end=\"145\" \/><strong>Color:<\/strong> Natural\/Negro<br data-start=\"165\" data-end=\"168\" \/><strong>Acabado:<\/strong> Pulidas<br data-start=\"184\" data-end=\"187\" \/><strong>Material:<\/strong> Madera de boj<br data-start=\"210\" data-end=\"213\" \/><strong>Extras:<\/strong> Fieltro azul marino en la base[\/vc_column_text][\/vc_column][vc_column column_padding=\u00bbno-extra-padding\u00bb column_padding_tablet=\u00bbinherit\u00bb column_padding_phone=\u00bbinherit\u00bb column_padding_position=\u00bball\u00bb column_element_spacing=\u00bbdefault\u00bb background_color_opacity=\u00bb1&#8243; background_hover_color_opacity=\u00bb1&#8243; column_shadow=\u00bbnone\u00bb column_border_radius=\u00bbnone\u00bb column_link_target=\u00bb_self\u00bb column_position=\u00bbdefault\u00bb gradient_direction=\u00bbleft_to_right\u00bb overlay_strength=\u00bb0.3&#8243; width=\u00bb1\/3&#8243; tablet_width_inherit=\u00bbdefault\u00bb tablet_text_alignment=\u00bbdefault\u00bb phone_text_alignment=\u00bbdefault\u00bb animation_type=\u00bbdefault\u00bb bg_image_animation=\u00bbnone\u00bb border_type=\u00bbsimple\u00bb column_border_width=\u00bbnone\u00bb column_border_style=\u00bbsolid\u00bb][vc_column_text]<strong data-start=\"138\" data-end=\"160\">TABLERO DE AJEDREZ<\/strong><br data-start=\"160\" data-end=\"163\" \/><strong>Referencia:<\/strong> TI-A<br data-start=\"179\" data-end=\"182\" \/><strong>Color:<\/strong> Azul marino y beige<br data-start=\"227\" data-end=\"230\" \/><strong>Medidas:<\/strong> 310 x 310 x 5 mm<br data-start=\"255\" data-end=\"258\" \/><strong>Tama\u00f1o del escaque:<\/strong> 38 mm<br data-start=\"282\" data-end=\"285\" \/><strong>Acabado:<\/strong> Mate<br data-start=\"298\" data-end=\"301\" data-is-only-node=\"\" \/><strong>Extras:<\/strong> Fieltro azul marino en la base del tablero[\/vc_column_text][\/vc_column][vc_column column_padding=\u00bbno-extra-padding\u00bb column_padding_tablet=\u00bbinherit\u00bb column_padding_phone=\u00bbinherit\u00bb column_padding_position=\u00bball\u00bb column_element_spacing=\u00bbdefault\u00bb background_color_opacity=\u00bb1&#8243; background_hover_color_opacity=\u00bb1&#8243; column_shadow=\u00bbnone\u00bb column_border_radius=\u00bbnone\u00bb column_link_target=\u00bb_self\u00bb column_position=\u00bbdefault\u00bb gradient_direction=\u00bbleft_to_right\u00bb overlay_strength=\u00bb0.3&#8243; width=\u00bb1\/3&#8243; tablet_width_inherit=\u00bbdefault\u00bb tablet_text_alignment=\u00bbdefault\u00bb phone_text_alignment=\u00bbdefault\u00bb animation_type=\u00bbdefault\u00bb bg_image_animation=\u00bbnone\u00bb border_type=\u00bbsimple\u00bb column_border_width=\u00bbnone\u00bb column_border_style=\u00bbsolid\u00bb][vc_column_text]<strong data-start=\"96\" data-end=\"112\">PRESENTACI\u00d3N<\/strong><br data-start=\"112\" data-end=\"115\" \/>Estuche de cart\u00f3n pr\u00e9mium de 32 x 16,5 x 4 cm, con opci\u00f3n de personalizar la tapa.[\/vc_column_text][\/vc_column][\/vc_row]\n","protected":false},"excerpt":{"rendered":"<p data-start=\"132\" data-end=\"478\">Conjunto de ajedrez compuesto por piezas del modelo Staunton Europa n\u00famero 2, pulidas en color natural y negro, acompa\u00f1ado de un tablero de ajedrez plegable impreso en azul marino y beige. Un tablero funcional y plegable que combina practicidad y estilo, perfecto para disfrutar del ajedrez en cualquier momento y lugar.<\/p>\n<p data-start=\"480\" data-end=\"863\">Este conjunto se presenta en un estuche de cart\u00f3n pr\u00e9mium, ideal para guardar tanto el tablero como las piezas. Las piezas se organizan en una bandeja con separadores, y el tablero plegado se coloca encima, ofreciendo un formato compacto y f\u00e1cil de almacenar y transportar. Adem\u00e1s, si lo deseas, puedes personalizar la tapa con un nombre o un mensaje para regalar a alguien especial.<\/p>\n","protected":false},"featured_media":11740,"template":"","meta":{"om_disable_all_campaigns":false,"_monsterinsights_skip_tracking":false,"_monsterinsights_sitenote_active":false,"_monsterinsights_sitenote_note":"","_monsterinsights_sitenote_category":0,"_uf_show_specific_survey":0,"_uf_disable_surveys":false},"product_brand":[],"product_cat":[307,309,133,140,240,243,386,391,446,385,173,426,168,292,352,163,165,425,304,337,427,434],"product_tag":[],"class_list":{"0":"post-11736","1":"product","2":"type-product","3":"status-publish","4":"has-post-thumbnail","6":"product_cat-de-6-a-12-anos","7":"product_cat-adultos","8":"product_cat-ajedrez","9":"product_cat-conjuntos-de-ajedrez","10":"product_cat-conjuntos-de-ajedrez-con-estuche-regalo","11":"product_cat-conjuntos-de-ajedrez-con-piezas-de-boj","12":"product_cat-ajedrez-negros","13":"product_cat-ajedrez-personalizados","14":"product_cat-ajedrez-plegables-viaje","15":"product_cat-ajedrez-staunton","16":"product_cat-conjuntos-juegos-de-mesa","17":"product_cat-iniciacion","18":"product_cat-juegos-de-mesa","19":"product_cat-juegos-de-mesa-interior","20":"product_cat-juegos-familiares","21":"product_cat-juegos-y-juguetes","22":"product_cat-juguetes-de-interior","23":"product_cat-modalidad","24":"product_cat-por-edad","25":"product_cat-por-objetivo","26":"product_cat-regalo","27":"product_cat-viaje","29":"first","30":"instock","31":"taxable","32":"shipping-taxable","33":"purchasable","34":"product-type-simple"},"yoast_head":"<!-- This site is optimized with the Yoast SEO plugin v27.4 - https:\/\/yoast.com\/product\/yoast-seo-wordpress\/ -->\n<title>Conjunto de ajedrez con tablero plegable - Azul | Mora Play<\/title>\n<meta name=\"robots\" content=\"index, follow, max-snippet:-1, max-image-preview:large, max-video-preview:-1\" \/>\n<link rel=\"canonical\" href=\"https:\/\/mora-play.com\/es\/producte\/conjunto-de-ajedrez-con-tablero-plegable-azul\/\" \/>\n<meta property=\"og:locale\" content=\"es_ES\" \/>\n<meta property=\"og:type\" content=\"article\" \/>\n<meta property=\"og:title\" content=\"Conjunto de ajedrez con tablero plegable - Azul | Mora Play\" \/>\n<meta property=\"og:description\" content=\"Conjunto de ajedrez compuesto por piezas del modelo Staunton Europa n\u00famero 2, pulidas en color natural y negro, acompa\u00f1ado de un tablero de ajedrez plegable impreso en azul marino y beige. Un tablero funcional y plegable que combina practicidad y estilo, perfecto para disfrutar del ajedrez en cualquier momento y lugar. Este conjunto se presenta en un estuche de cart\u00f3n pr\u00e9mium, ideal para guardar tanto el tablero como las piezas. Las piezas se organizan en una bandeja con separadores, y el tablero plegado se coloca encima, ofreciendo un formato compacto y f\u00e1cil de almacenar y transportar. Adem\u00e1s, si lo deseas, puedes personalizar la tapa con un nombre o un mensaje para regalar a alguien especial.\" \/>\n<meta property=\"og:url\" content=\"https:\/\/mora-play.com\/es\/producte\/conjunto-de-ajedrez-con-tablero-plegable-azul\/\" \/>\n<meta property=\"og:site_name\" content=\"Mora Play\" \/>\n<meta property=\"article:publisher\" content=\"https:\/\/www.facebook.com\/moraplays\/\" \/>\n<meta property=\"article:modified_time\" content=\"2025-09-19T08:41:42+00:00\" \/>\n<meta property=\"og:image\" content=\"https:\/\/mora-play.com\/wp-content\/uploads\/2025\/05\/JCR50319Web-1.jpg\" \/>\n\t<meta property=\"og:image:width\" content=\"1800\" \/>\n\t<meta property=\"og:image:height\" content=\"1201\" \/>\n\t<meta property=\"og:image:type\" content=\"image\/jpeg\" \/>\n<meta name=\"twitter:card\" content=\"summary_large_image\" \/>\n<meta name=\"twitter:label1\" content=\"Tiempo de lectura\" \/>\n\t<meta name=\"twitter:data1\" content=\"2 minutos\" \/>\n<script type=\"application\/ld+json\" class=\"yoast-schema-graph\">{\"@context\":\"https:\\\/\\\/schema.org\",\"@graph\":[{\"@type\":\"WebPage\",\"@id\":\"https:\\\/\\\/mora-play.com\\\/es\\\/producte\\\/conjunto-de-ajedrez-con-tablero-plegable-azul\\\/\",\"url\":\"https:\\\/\\\/mora-play.com\\\/es\\\/producte\\\/conjunto-de-ajedrez-con-tablero-plegable-azul\\\/\",\"name\":\"Conjunto de ajedrez con tablero plegable - Azul | Mora Play\",\"isPartOf\":{\"@id\":\"https:\\\/\\\/mora-play.com\\\/es\\\/#website\"},\"primaryImageOfPage\":{\"@id\":\"https:\\\/\\\/mora-play.com\\\/es\\\/producte\\\/conjunto-de-ajedrez-con-tablero-plegable-azul\\\/#primaryimage\"},\"image\":{\"@id\":\"https:\\\/\\\/mora-play.com\\\/es\\\/producte\\\/conjunto-de-ajedrez-con-tablero-plegable-azul\\\/#primaryimage\"},\"thumbnailUrl\":\"https:\\\/\\\/mora-play.com\\\/wp-content\\\/uploads\\\/2025\\\/05\\\/JCR50319Web-1.jpg\",\"datePublished\":\"2025-05-29T14:56:52+00:00\",\"dateModified\":\"2025-09-19T08:41:42+00:00\",\"breadcrumb\":{\"@id\":\"https:\\\/\\\/mora-play.com\\\/es\\\/producte\\\/conjunto-de-ajedrez-con-tablero-plegable-azul\\\/#breadcrumb\"},\"inLanguage\":\"es\",\"potentialAction\":[{\"@type\":\"ReadAction\",\"target\":[\"https:\\\/\\\/mora-play.com\\\/es\\\/producte\\\/conjunto-de-ajedrez-con-tablero-plegable-azul\\\/\"]}]},{\"@type\":\"ImageObject\",\"inLanguage\":\"es\",\"@id\":\"https:\\\/\\\/mora-play.com\\\/es\\\/producte\\\/conjunto-de-ajedrez-con-tablero-plegable-azul\\\/#primaryimage\",\"url\":\"https:\\\/\\\/mora-play.com\\\/wp-content\\\/uploads\\\/2025\\\/05\\\/JCR50319Web-1.jpg\",\"contentUrl\":\"https:\\\/\\\/mora-play.com\\\/wp-content\\\/uploads\\\/2025\\\/05\\\/JCR50319Web-1.jpg\",\"width\":1800,\"height\":1201},{\"@type\":\"BreadcrumbList\",\"@id\":\"https:\\\/\\\/mora-play.com\\\/es\\\/producte\\\/conjunto-de-ajedrez-con-tablero-plegable-azul\\\/#breadcrumb\",\"itemListElement\":[{\"@type\":\"ListItem\",\"position\":1,\"name\":\"Inici\",\"item\":\"https:\\\/\\\/mora-play.com\\\/es\\\/\"},{\"@type\":\"ListItem\",\"position\":2,\"name\":\"Tienda\",\"item\":\"https:\\\/\\\/mora-play.com\\\/es\\\/tienda\\\/\"},{\"@type\":\"ListItem\",\"position\":3,\"name\":\"Conjunto de ajedrez con tablero plegable &#8211; Azul\"}]},{\"@type\":\"WebSite\",\"@id\":\"https:\\\/\\\/mora-play.com\\\/es\\\/#website\",\"url\":\"https:\\\/\\\/mora-play.com\\\/es\\\/\",\"name\":\"Mora Play\",\"description\":\"Wooden Toys &amp; Games\",\"publisher\":{\"@id\":\"https:\\\/\\\/mora-play.com\\\/es\\\/#organization\"},\"alternateName\":\"Mora Play\",\"potentialAction\":[{\"@type\":\"SearchAction\",\"target\":{\"@type\":\"EntryPoint\",\"urlTemplate\":\"https:\\\/\\\/mora-play.com\\\/es\\\/?s={search_term_string}\"},\"query-input\":{\"@type\":\"PropertyValueSpecification\",\"valueRequired\":true,\"valueName\":\"search_term_string\"}}],\"inLanguage\":\"es\"},{\"@type\":\"Organization\",\"@id\":\"https:\\\/\\\/mora-play.com\\\/es\\\/#organization\",\"name\":\"Mora Play\",\"alternateName\":\"Mora-Play\",\"url\":\"https:\\\/\\\/mora-play.com\\\/es\\\/\",\"logo\":{\"@type\":\"ImageObject\",\"inLanguage\":\"es\",\"@id\":\"https:\\\/\\\/mora-play.com\\\/es\\\/#\\\/schema\\\/logo\\\/image\\\/\",\"url\":\"https:\\\/\\\/mora-play.com\\\/wp-content\\\/uploads\\\/2023\\\/02\\\/cropped-favicon_moraplay-1.png\",\"contentUrl\":\"https:\\\/\\\/mora-play.com\\\/wp-content\\\/uploads\\\/2023\\\/02\\\/cropped-favicon_moraplay-1.png\",\"width\":512,\"height\":512,\"caption\":\"Mora Play\"},\"image\":{\"@id\":\"https:\\\/\\\/mora-play.com\\\/es\\\/#\\\/schema\\\/logo\\\/image\\\/\"},\"sameAs\":[\"https:\\\/\\\/www.facebook.com\\\/moraplays\\\/\",\"https:\\\/\\\/www.instagram.com\\\/_mora_play\\\/\"]}]}<\/script>\n<!-- \/ Yoast SEO plugin. -->","yoast_head_json":{"title":"Conjunto de ajedrez con tablero plegable - Azul | Mora Play","robots":{"index":"index","follow":"follow","max-snippet":"max-snippet:-1","max-image-preview":"max-image-preview:large","max-video-preview":"max-video-preview:-1"},"canonical":"https:\/\/mora-play.com\/es\/producte\/conjunto-de-ajedrez-con-tablero-plegable-azul\/","og_locale":"es_ES","og_type":"article","og_title":"Conjunto de ajedrez con tablero plegable - Azul | Mora Play","og_description":"Conjunto de ajedrez compuesto por piezas del modelo Staunton Europa n\u00famero 2, pulidas en color natural y negro, acompa\u00f1ado de un tablero de ajedrez plegable impreso en azul marino y beige. Un tablero funcional y plegable que combina practicidad y estilo, perfecto para disfrutar del ajedrez en cualquier momento y lugar. Este conjunto se presenta en un estuche de cart\u00f3n pr\u00e9mium, ideal para guardar tanto el tablero como las piezas. Las piezas se organizan en una bandeja con separadores, y el tablero plegado se coloca encima, ofreciendo un formato compacto y f\u00e1cil de almacenar y transportar. Adem\u00e1s, si lo deseas, puedes personalizar la tapa con un nombre o un mensaje para regalar a alguien especial.","og_url":"https:\/\/mora-play.com\/es\/producte\/conjunto-de-ajedrez-con-tablero-plegable-azul\/","og_site_name":"Mora Play","article_publisher":"https:\/\/www.facebook.com\/moraplays\/","article_modified_time":"2025-09-19T08:41:42+00:00","og_image":[{"width":1800,"height":1201,"url":"https:\/\/mora-play.com\/wp-content\/uploads\/2025\/05\/JCR50319Web-1.jpg","type":"image\/jpeg"}],"twitter_card":"summary_large_image","twitter_misc":{"Tiempo de lectura":"2 minutos"},"schema":{"@context":"https:\/\/schema.org","@graph":[{"@type":"WebPage","@id":"https:\/\/mora-play.com\/es\/producte\/conjunto-de-ajedrez-con-tablero-plegable-azul\/","url":"https:\/\/mora-play.com\/es\/producte\/conjunto-de-ajedrez-con-tablero-plegable-azul\/","name":"Conjunto de ajedrez con tablero plegable - Azul | Mora Play","isPartOf":{"@id":"https:\/\/mora-play.com\/es\/#website"},"primaryImageOfPage":{"@id":"https:\/\/mora-play.com\/es\/producte\/conjunto-de-ajedrez-con-tablero-plegable-azul\/#primaryimage"},"image":{"@id":"https:\/\/mora-play.com\/es\/producte\/conjunto-de-ajedrez-con-tablero-plegable-azul\/#primaryimage"},"thumbnailUrl":"https:\/\/mora-play.com\/wp-content\/uploads\/2025\/05\/JCR50319Web-1.jpg","datePublished":"2025-05-29T14:56:52+00:00","dateModified":"2025-09-19T08:41:42+00:00","breadcrumb":{"@id":"https:\/\/mora-play.com\/es\/producte\/conjunto-de-ajedrez-con-tablero-plegable-azul\/#breadcrumb"},"inLanguage":"es","potentialAction":[{"@type":"ReadAction","target":["https:\/\/mora-play.com\/es\/producte\/conjunto-de-ajedrez-con-tablero-plegable-azul\/"]}]},{"@type":"ImageObject","inLanguage":"es","@id":"https:\/\/mora-play.com\/es\/producte\/conjunto-de-ajedrez-con-tablero-plegable-azul\/#primaryimage","url":"https:\/\/mora-play.com\/wp-content\/uploads\/2025\/05\/JCR50319Web-1.jpg","contentUrl":"https:\/\/mora-play.com\/wp-content\/uploads\/2025\/05\/JCR50319Web-1.jpg","width":1800,"height":1201},{"@type":"BreadcrumbList","@id":"https:\/\/mora-play.com\/es\/producte\/conjunto-de-ajedrez-con-tablero-plegable-azul\/#breadcrumb","itemListElement":[{"@type":"ListItem","position":1,"name":"Inici","item":"https:\/\/mora-play.com\/es\/"},{"@type":"ListItem","position":2,"name":"Tienda","item":"https:\/\/mora-play.com\/es\/tienda\/"},{"@type":"ListItem","position":3,"name":"Conjunto de ajedrez con tablero plegable &#8211; Azul"}]},{"@type":"WebSite","@id":"https:\/\/mora-play.com\/es\/#website","url":"https:\/\/mora-play.com\/es\/","name":"Mora Play","description":"Wooden Toys &amp; Games","publisher":{"@id":"https:\/\/mora-play.com\/es\/#organization"},"alternateName":"Mora Play","potentialAction":[{"@type":"SearchAction","target":{"@type":"EntryPoint","urlTemplate":"https:\/\/mora-play.com\/es\/?s={search_term_string}"},"query-input":{"@type":"PropertyValueSpecification","valueRequired":true,"valueName":"search_term_string"}}],"inLanguage":"es"},{"@type":"Organization","@id":"https:\/\/mora-play.com\/es\/#organization","name":"Mora Play","alternateName":"Mora-Play","url":"https:\/\/mora-play.com\/es\/","logo":{"@type":"ImageObject","inLanguage":"es","@id":"https:\/\/mora-play.com\/es\/#\/schema\/logo\/image\/","url":"https:\/\/mora-play.com\/wp-content\/uploads\/2023\/02\/cropped-favicon_moraplay-1.png","contentUrl":"https:\/\/mora-play.com\/wp-content\/uploads\/2023\/02\/cropped-favicon_moraplay-1.png","width":512,"height":512,"caption":"Mora Play"},"image":{"@id":"https:\/\/mora-play.com\/es\/#\/schema\/logo\/image\/"},"sameAs":["https:\/\/www.facebook.com\/moraplays\/","https:\/\/www.instagram.com\/_mora_play\/"]}]}},"_links":{"self":[{"href":"https:\/\/mora-play.com\/es\/wp-json\/wp\/v2\/product\/11736","targetHints":{"allow":["GET"]}}],"collection":[{"href":"https:\/\/mora-play.com\/es\/wp-json\/wp\/v2\/product"}],"about":[{"href":"https:\/\/mora-play.com\/es\/wp-json\/wp\/v2\/types\/product"}],"wp:featuredmedia":[{"embeddable":true,"href":"https:\/\/mora-play.com\/es\/wp-json\/wp\/v2\/media\/11740"}],"wp:attachment":[{"href":"https:\/\/mora-play.com\/es\/wp-json\/wp\/v2\/media?parent=11736"}],"wp:term":[{"taxonomy":"product_brand","embeddable":true,"href":"https:\/\/mora-play.com\/es\/wp-json\/wp\/v2\/product_brand?post=11736"},{"taxonomy":"product_cat","embeddable":true,"href":"https:\/\/mora-play.com\/es\/wp-json\/wp\/v2\/product_cat?post=11736"},{"taxonomy":"product_tag","embeddable":true,"href":"https:\/\/mora-play.com\/es\/wp-json\/wp\/v2\/product_tag?post=11736"}],"curies":[{"name":"wp","href":"https:\/\/api.w.org\/{rel}","templated":true}]}}